{"id":3269,"date":"2024-03-31T11:18:49","date_gmt":"2024-03-31T09:18:49","guid":{"rendered":"https:\/\/lenafeelings.com\/?page_id=3269"},"modified":"2025-05-28T09:17:11","modified_gmt":"2025-05-28T06:17:11","slug":"impressum","status":"publish","type":"page","link":"https:\/\/lenafeelings.com\/?page_id=3269","title":{"rendered":"Impressum"},"content":{"rendered":"\t\t<div data-elementor-type=\"wp-page\" data-elementor-id=\"3269\" class=\"elementor elementor-3269\" data-elementor-post-type=\"page\">\n\t\t\t\t<div class=\"elementor-element elementor-element-e409e15 e-flex e-con-boxed e-con e-parent\" data-id=\"e409e15\" data-element_type=\"container\" data-e-type=\"container\" data-settings=\"{&quot;background_background&quot;:&quot;classic&quot;}\">\n\t\t\t\t\t<div class=\"e-con-inner\">\n\t\t\t\t<div class=\"elementor-element elementor-element-604756c elementor-widget elementor-widget-heading\" data-id=\"604756c\" data-element_type=\"widget\" data-e-type=\"widget\" data-widget_type=\"heading.default\">\n\t\t\t\t<div class=\"elementor-widget-container\">\n\t\t\t\t\t<h1 class=\"elementor-heading-title elementor-size-default\">Impressum<\/h1>\t\t\t\t<\/div>\n\t\t\t\t<\/div>\n\t\t\t\t\t<\/div>\n\t\t\t\t<\/div>\n\t\t<div class=\"elementor-element elementor-element-dfd2bb2 e-flex e-con-boxed e-con e-parent\" data-id=\"dfd2bb2\" data-element_type=\"container\" data-e-type=\"container\">\n\t\t\t\t\t<div class=\"e-con-inner\">\n\t\t\t\t<div class=\"elementor-element elementor-element-6666f90 elementor-widget elementor-widget-text-editor\" data-id=\"6666f90\" data-element_type=\"widget\" data-e-type=\"widget\" data-widget_type=\"text-editor.default\">\n\t\t\t\t<div class=\"elementor-widget-container\">\n\t\t\t\t\t\t\t\t\t<h2 style=\"text-align: start; margin-top: 0.75rem; margin-bottom: 0.75rem; padding: 0px; border: 0px; outline: 0px; font-size: 28px; vertical-align: baseline; font-family: Lato, arial, sans-serif; color: #222222; font-weight: bold; line-height: 1.2em; font-stretch: normal; caret-color: #222222; background-position: 0px 0px;\">ANGABEN GEM\u00c4SS \u00a7 5 TM<\/h2><p style=\"margin-bottom: 1.2em; padding: 0px; border: 0px; outline: 0px; vertical-align: baseline; font-stretch: normal; line-height: 1.5em; font-family: Lato, arial, sans-serif; color: #444444; font-size: 16px !important; background-position: 0px 0px;\">Yelena Tschuikow<br \/>Pettenkoferstr. 9A<br \/>10247 Berlin<\/p><h2 style=\"text-align: start; margin-top: 0.75rem; margin-bottom: 0.75rem; padding: 0px; border: 0px; outline: 0px; font-size: 24px; vertical-align: baseline; font-family: Lato, arial, sans-serif; font-weight: bold; line-height: 1.2em; font-stretch: normal; background-position: 0px 0px;\">KONTAKT<\/h2><p style=\"margin-bottom: 1.2em; padding: 0px; border: 0px; outline: 0px; vertical-align: baseline; font-stretch: normal; line-height: 1.5em; font-family: Lato, arial, sans-serif; color: #444444; font-size: 16px !important; background-position: 0px 0px;\">Telefon: +49 17685181369<br \/>E-Mail: elena.tschuikow@gmail.com<\/p><h2 style=\"text-align: start; margin-top: 0.75rem; margin-bottom: 0.75rem; padding: 0px; border: 0px; outline: 0px; font-size: 24px; vertical-align: baseline; font-family: Lato, arial, sans-serif; font-weight: bold; line-height: 1.2em; font-stretch: normal; background-position: 0px 0px;\">STREITSCHLICHTUNG<\/h2><p style=\"margin-bottom: 1.2em; padding: 0px; border: 0px; outline: 0px; vertical-align: baseline; font-stretch: normal; line-height: 1.5em; font-family: Lato, arial, sans-serif; color: #444444; font-size: 16px !important; background-position: 0px 0px;\">Die Europ\u00e4ische Kommission stellt eine Plattform zur Online-Streitbeilegung (OS) bereit:\u00a0<a style=\"margin: 0px; padding: 0px; border: 0px; outline: 0px; vertical-align: baseline; color: #0971b2; text-decoration: none; background-position: 0px 0px;\" href=\"https:\/\/ec.europa.eu\/consumers\/odr\" target=\"_blank\" rel=\"noopener noreferrer\">https:\/\/ec.europa.eu\/consumers\/odr<\/a>.<br \/>Unsere E-Mail-Adresse finden Sie oben im Impressum.<\/p><p style=\"margin-bottom: 1.2em; padding: 0px; border: 0px; outline: 0px; vertical-align: baseline; font-stretch: normal; line-height: 1.5em; font-family: Lato, arial, sans-serif; color: #444444; font-size: 16px !important; background-position: 0px 0px;\">Wir sind nicht bereit oder verpflichtet, an Streitbeilegungsverfahren vor einer Verbraucherschlichtungsstelle teilzunehmen.<\/p><h3 style=\"text-align: start; margin-top: 0.75rem; margin-bottom: 0.75rem; padding: 0px; border: 0px; outline: 0px; font-size: 20px; vertical-align: baseline; font-family: Lato, arial, sans-serif; font-weight: bold; line-height: 1.2em; font-stretch: normal; background-position: 0px 0px;\">HAFTUNG F\u00dcR INHALTE<\/h3><p style=\"margin-bottom: 1.2em; padding: 0px; border: 0px; outline: 0px; vertical-align: baseline; font-stretch: normal; line-height: 1.5em; font-family: Lato, arial, sans-serif; color: #444444; font-size: 16px !important; background-position: 0px 0px;\">Als Diensteanbieter sind wir gem\u00e4\u00df \u00a7 7 Abs.1 TMG f\u00fcr eigene Inhalte auf diesen Seiten nach den allgemeinen Gesetzen verantwortlich. Nach \u00a7\u00a7 8 bis 10 TMG sind wir als Diensteanbieter jedoch nicht verpflichtet, \u00fcbermittelte oder gespeicherte fremde Informationen zu \u00fcberwachen oder nach Umst\u00e4nden zu forschen, die auf eine rechtswidrige T\u00e4tigkeit hinweisen.<\/p><p style=\"margin-bottom: 1.2em; padding: 0px; border: 0px; outline: none; vertical-align: baseline; font-stretch: normal; line-height: 1.5em; font-family: Lato, arial, sans-serif; color: #444444; font-size: 16px !important; background-position: 0px 0px;\">Verpflichtungen zur Entfernung oder Sperrung der Nutzung von Informationen nach den allgemeinen Gesetzen bleiben hiervon unber\u00fchrt. Eine diesbez\u00fcgliche Haftung ist jedoch erst ab dem Zeitpunkt der Kenntnis einer konkreten Rechtsverletzung m\u00f6glich. Bei Bekanntwerden von entsprechenden Rechtsverletzungen werden wir diese Inhalte umgehend entfernen.<\/p><h3 style=\"text-align: start; margin-top: 0.75rem; margin-bottom: 0.75rem; padding: 0px; border: 0px; outline: 0px; font-size: 20px; vertical-align: baseline; font-family: Lato, arial, sans-serif; font-weight: bold; line-height: 1.2em; font-stretch: normal; background-position: 0px 0px;\">HAFTUNG F\u00dcR LINKS<\/h3><p style=\"margin-bottom: 1.2em; padding: 0px; border: 0px; outline: 0px; vertical-align: baseline; font-stretch: normal; line-height: 1.5em; font-family: Lato, arial, sans-serif; color: #444444; font-size: 16px !important; background-position: 0px 0px;\">Unser Angebot enth\u00e4lt Links zu externen Websites Dritter, auf deren Inhalte wir keinen Einfluss haben. Deshalb k\u00f6nnen wir f\u00fcr diese fremden Inhalte auch keine Gew\u00e4hr \u00fcbernehmen. F\u00fcr die Inhalte der verlinkten Seiten ist stets der jeweilige Anbieter oder Betreiber der Seiten verantwortlich. Die verlinkten Seiten wurden zum Zeitpunkt der Verlinkung auf m\u00f6gliche Rechtsverst\u00f6\u00dfe \u00fcberpr\u00fcft. Rechtswidrige Inhalte waren zum Zeitpunkt der Verlinkung nicht erkennbar.<\/p><p style=\"margin-bottom: 1.2em; padding: 0px; border: 0px; outline: 0px; vertical-align: baseline; font-stretch: normal; line-height: 1.5em; font-family: Lato, arial, sans-serif; color: #444444; font-size: 16px !important; background-position: 0px 0px;\">Eine permanente inhaltliche Kontrolle der verlinkten Seiten ist jedoch ohne konkrete Anhaltspunkte einer Rechtsverletzung nicht zumutbar. Bei Bekanntwerden von Rechtsverletzungen werden wir derartige Links umgehend entfernen.<\/p><h3 style=\"text-align: start; margin-top: 0.75rem; margin-bottom: 0.75rem; padding: 0px; border: 0px; outline: 0px; font-size: 20px; vertical-align: baseline; font-family: Lato, arial, sans-serif; font-weight: bold; line-height: 1.2em; font-stretch: normal; background-position: 0px 0px;\">URHEBERRECHT<\/h3><p style=\"margin-bottom: 1.2em; padding: 0px; border: 0px; outline: 0px; vertical-align: baseline; font-stretch: normal; line-height: 1.5em; font-family: Lato, arial, sans-serif; color: #444444; font-size: 16px !important; background-position: 0px 0px;\">Die durch die Seitenbetreiber erstellten Inhalte und Werke auf diesen Seiten unterliegen dem deutschen Urheberrecht. Die Vervielf\u00e4ltigung, Bearbeitung, Verbreitung und jede Art der Verwertung au\u00dferhalb der Grenzen des Urheberrechtes bed\u00fcrfen der schriftlichen Zustimmung des jeweiligen Autors bzw. Erstellers. Downloads und Kopien dieser Seite sind nur f\u00fcr den privaten, nicht kommerziellen Gebrauch gestattet.<\/p><p style=\"margin-bottom: 1.2em; padding: 0px; border: 0px; outline: 0px; vertical-align: baseline; font-stretch: normal; line-height: 1.5em; font-family: Lato, arial, sans-serif; color: #444444; font-size: 16px !important; background-position: 0px 0px;\">Soweit die Inhalte auf dieser Seite nicht vom Betreiber erstellt wurden, werden die Urheberrechte Dritter beachtet. Insbesondere werden Inhalte Dritter als solche gekennzeichnet. Sollten Sie trotzdem auf eine Urheberrechtsverletzung aufmerksam werden, bitten wir um einen entsprechenden Hinweis. Bei Bekanntwerden von Rechtsverletzungen werden wir derartige Inhalte umgehend entfernen.<\/p>\t\t\t\t\t\t\t\t<\/div>\n\t\t\t\t<\/div>\n\t\t\t\t\t<\/div>\n\t\t\t\t<\/div>\n\t\t\t\t<\/div>\n\t\t","protected":false},"excerpt":{"rendered":"<p>Impressum ANGABEN GEM\u00c4SS \u00a7 5 TM Yelena TschuikowLena Feelings PhotographyPettenkoferstr. 9A10247 Berlin KONTAKT Telefon: +49 17685181369E-Mail: <a href=\"mailto:elena.tschuikow@gmail.com\">elena.tschuikow@gmail.com<\/a> STREITSCHLICHTUNG Die Europ\u00e4ische Kommission stellt eine Plattform zur Online-Streitbeilegung (OS) bereit:\u00a0https:\/\/ec.europa.eu\/consumers\/odr.Unsere E-Mail-Adresse finden Sie oben im Impressum. Wir sind nicht bereit oder verpflichtet, an Streitbeilegungsverfahren vor einer Verbraucherschlichtungsstelle teilzunehmen. HAFTUNG F\u00dcR INHALTE Als Diensteanbieter sind wir gem\u00e4\u00df \u00a7 [&hellip;]<\/p>\n","protected":false},"author":247840835,"featured_media":0,"parent":0,"menu_order":0,"comment_status":"closed","ping_status":"closed","template":"","meta":{"_crdt_document":"","footnotes":""},"class_list":["post-3269","page","type-page","status-publish","hentry"],"yoast_head":"<!-- This site is optimized with the Yoast SEO plugin v27.4 - https:\/\/yoast.com\/product\/yoast-seo-wordpress\/ -->\n<title>Impressum - Emotions in Focus: Your Baby and Family Photographer in Ankara<\/title>\n<meta name=\"description\" content=\"Finden Sie hier alle rechtlichen Informationen: Mein Impressum bietet Transparenz und gibt Ihnen Einblick in die Arbeit von Lena Feelings Photography &amp; Films . Erfahren Sie mehr \u00fcber Verantwortlichkeiten und Kontaktdaten.\" \/>\n<meta name=\"robots\" content=\"index, follow, max-snippet:-1, max-image-preview:large, max-video-preview:-1\" \/>\n<link rel=\"canonical\" href=\"https:\/\/lenafeelings.com\/?page_id=3269\" \/>\n<meta property=\"og:locale\" content=\"de_DE\" \/>\n<meta property=\"og:type\" content=\"article\" \/>\n<meta property=\"og:title\" content=\"Impressum - Emotions in Focus: Your Baby and Family Photographer in Ankara\" \/>\n<meta property=\"og:description\" content=\"Finden Sie hier alle rechtlichen Informationen: Mein Impressum bietet Transparenz und gibt Ihnen Einblick in die Arbeit von Lena Feelings Photography &amp; Films . Erfahren Sie mehr \u00fcber Verantwortlichkeiten und Kontaktdaten.\" \/>\n<meta property=\"og:url\" content=\"https:\/\/lenafeelings.com\/?page_id=3269\" \/>\n<meta property=\"og:site_name\" content=\"Emotions in Focus: Your Baby and Family Photographer in Ankara\" \/>\n<meta property=\"article:publisher\" content=\"https:\/\/www.facebook.com\/lena.feelings\/\" \/>\n<meta property=\"article:modified_time\" content=\"2025-05-28T06:17:11+00:00\" \/>\n<meta name=\"twitter:card\" content=\"summary_large_image\" \/>\n<meta name=\"twitter:label1\" content=\"Gesch\u00e4tzte Lesezeit\" \/>\n\t<meta name=\"twitter:data1\" content=\"2\u00a0Minuten\" \/>\n<script type=\"application\/ld+json\" class=\"yoast-schema-graph\">{\"@context\":\"https:\\\/\\\/schema.org\",\"@graph\":[{\"@type\":\"WebPage\",\"@id\":\"https:\\\/\\\/lenafeelings.com\\\/?page_id=3269\",\"url\":\"https:\\\/\\\/lenafeelings.com\\\/?page_id=3269\",\"name\":\"Impressum - Emotions in Focus: Your Baby and Family Photographer in Ankara\",\"isPartOf\":{\"@id\":\"https:\\\/\\\/lenafeelings.com\\\/#website\"},\"datePublished\":\"2024-03-31T09:18:49+00:00\",\"dateModified\":\"2025-05-28T06:17:11+00:00\",\"description\":\"Finden Sie hier alle rechtlichen Informationen: Mein Impressum bietet Transparenz und gibt Ihnen Einblick in die Arbeit von Lena Feelings Photography & Films . Erfahren Sie mehr \u00fcber Verantwortlichkeiten und Kontaktdaten.\",\"breadcrumb\":{\"@id\":\"https:\\\/\\\/lenafeelings.com\\\/?page_id=3269#breadcrumb\"},\"inLanguage\":\"de\",\"potentialAction\":[{\"@type\":\"ReadAction\",\"target\":[\"https:\\\/\\\/lenafeelings.com\\\/?page_id=3269\"]}]},{\"@type\":\"BreadcrumbList\",\"@id\":\"https:\\\/\\\/lenafeelings.com\\\/?page_id=3269#breadcrumb\",\"itemListElement\":[{\"@type\":\"ListItem\",\"position\":1,\"name\":\"Startseite\",\"item\":\"https:\\\/\\\/lenafeelings.com\\\/\"},{\"@type\":\"ListItem\",\"position\":2,\"name\":\"Impressum\"}]},{\"@type\":\"WebSite\",\"@id\":\"https:\\\/\\\/lenafeelings.com\\\/#website\",\"url\":\"https:\\\/\\\/lenafeelings.com\\\/\",\"name\":\"Emotionen im Fokus: Deine Baby- und Familienfotografin in Berlin\",\"description\":\"Creating images that evoke your memories and make you feel it again.\",\"publisher\":{\"@id\":\"https:\\\/\\\/lenafeelings.com\\\/#organization\"},\"potentialAction\":[{\"@type\":\"SearchAction\",\"target\":{\"@type\":\"EntryPoint\",\"urlTemplate\":\"https:\\\/\\\/lenafeelings.com\\\/?s={search_term_string}\"},\"query-input\":{\"@type\":\"PropertyValueSpecification\",\"valueRequired\":true,\"valueName\":\"search_term_string\"}}],\"inLanguage\":\"de\"},{\"@type\":\"Organization\",\"@id\":\"https:\\\/\\\/lenafeelings.com\\\/#organization\",\"name\":\"Lena Tschuikow - Modern lifestyle Photo & Films\",\"url\":\"https:\\\/\\\/lenafeelings.com\\\/\",\"logo\":{\"@type\":\"ImageObject\",\"inLanguage\":\"de\",\"@id\":\"https:\\\/\\\/lenafeelings.com\\\/#\\\/schema\\\/logo\\\/image\\\/\",\"url\":\"https:\\\/\\\/i0.wp.com\\\/lenafeelings.com\\\/wp-content\\\/uploads\\\/2024\\\/03\\\/logo-350x100-1.png?fit=350%2C100&ssl=1\",\"contentUrl\":\"https:\\\/\\\/i0.wp.com\\\/lenafeelings.com\\\/wp-content\\\/uploads\\\/2024\\\/03\\\/logo-350x100-1.png?fit=350%2C100&ssl=1\",\"width\":350,\"height\":100,\"caption\":\"Lena Tschuikow - Modern lifestyle Photo & Films\"},\"image\":{\"@id\":\"https:\\\/\\\/lenafeelings.com\\\/#\\\/schema\\\/logo\\\/image\\\/\"},\"sameAs\":[\"https:\\\/\\\/www.facebook.com\\\/lena.feelings\\\/\",\"https:\\\/\\\/www.instagram.com\\\/lena_feelings\\\/\"]}]}<\/script>\n<!-- \/ Yoast SEO plugin. -->","yoast_head_json":{"title":"Impressum - Emotions in Focus: Your Baby and Family Photographer in Ankara","description":"Finden Sie hier alle rechtlichen Informationen: Mein Impressum bietet Transparenz und gibt Ihnen Einblick in die Arbeit von Lena Feelings Photography & Films . Erfahren Sie mehr \u00fcber Verantwortlichkeiten und Kontaktdaten.","robots":{"index":"index","follow":"follow","max-snippet":"max-snippet:-1","max-image-preview":"max-image-preview:large","max-video-preview":"max-video-preview:-1"},"canonical":"https:\/\/lenafeelings.com\/?page_id=3269","og_locale":"de_DE","og_type":"article","og_title":"Impressum - Emotions in Focus: Your Baby and Family Photographer in Ankara","og_description":"Finden Sie hier alle rechtlichen Informationen: Mein Impressum bietet Transparenz und gibt Ihnen Einblick in die Arbeit von Lena Feelings Photography & Films . Erfahren Sie mehr \u00fcber Verantwortlichkeiten und Kontaktdaten.","og_url":"https:\/\/lenafeelings.com\/?page_id=3269","og_site_name":"Emotions in Focus: Your Baby and Family Photographer in Ankara","article_publisher":"https:\/\/www.facebook.com\/lena.feelings\/","article_modified_time":"2025-05-28T06:17:11+00:00","twitter_card":"summary_large_image","twitter_misc":{"Gesch\u00e4tzte Lesezeit":"2\u00a0Minuten"},"schema":{"@context":"https:\/\/schema.org","@graph":[{"@type":"WebPage","@id":"https:\/\/lenafeelings.com\/?page_id=3269","url":"https:\/\/lenafeelings.com\/?page_id=3269","name":"Impressum - Emotions in Focus: Your Baby and Family Photographer in Ankara","isPartOf":{"@id":"https:\/\/lenafeelings.com\/#website"},"datePublished":"2024-03-31T09:18:49+00:00","dateModified":"2025-05-28T06:17:11+00:00","description":"Finden Sie hier alle rechtlichen Informationen: Mein Impressum bietet Transparenz und gibt Ihnen Einblick in die Arbeit von Lena Feelings Photography & Films . Erfahren Sie mehr \u00fcber Verantwortlichkeiten und Kontaktdaten.","breadcrumb":{"@id":"https:\/\/lenafeelings.com\/?page_id=3269#breadcrumb"},"inLanguage":"de","potentialAction":[{"@type":"ReadAction","target":["https:\/\/lenafeelings.com\/?page_id=3269"]}]},{"@type":"BreadcrumbList","@id":"https:\/\/lenafeelings.com\/?page_id=3269#breadcrumb","itemListElement":[{"@type":"ListItem","position":1,"name":"Startseite","item":"https:\/\/lenafeelings.com\/"},{"@type":"ListItem","position":2,"name":"Impressum"}]},{"@type":"WebSite","@id":"https:\/\/lenafeelings.com\/#website","url":"https:\/\/lenafeelings.com\/","name":"Emotionen im Fokus: Deine Baby- und Familienfotografin in Berlin","description":"Creating images that evoke your memories and make you feel it again.","publisher":{"@id":"https:\/\/lenafeelings.com\/#organization"},"potentialAction":[{"@type":"SearchAction","target":{"@type":"EntryPoint","urlTemplate":"https:\/\/lenafeelings.com\/?s={search_term_string}"},"query-input":{"@type":"PropertyValueSpecification","valueRequired":true,"valueName":"search_term_string"}}],"inLanguage":"de"},{"@type":"Organization","@id":"https:\/\/lenafeelings.com\/#organization","name":"Lena Tschuikow - Modern lifestyle Photo & Films","url":"https:\/\/lenafeelings.com\/","logo":{"@type":"ImageObject","inLanguage":"de","@id":"https:\/\/lenafeelings.com\/#\/schema\/logo\/image\/","url":"https:\/\/i0.wp.com\/lenafeelings.com\/wp-content\/uploads\/2024\/03\/logo-350x100-1.png?fit=350%2C100&ssl=1","contentUrl":"https:\/\/i0.wp.com\/lenafeelings.com\/wp-content\/uploads\/2024\/03\/logo-350x100-1.png?fit=350%2C100&ssl=1","width":350,"height":100,"caption":"Lena Tschuikow - Modern lifestyle Photo & Films"},"image":{"@id":"https:\/\/lenafeelings.com\/#\/schema\/logo\/image\/"},"sameAs":["https:\/\/www.facebook.com\/lena.feelings\/","https:\/\/www.instagram.com\/lena_feelings\/"]}]}},"jetpack_likes_enabled":true,"jetpack_sharing_enabled":true,"jetpack_shortlink":"https:\/\/wp.me\/PfB5Ve-QJ","jetpack-related-posts":[],"_links":{"self":[{"href":"https:\/\/lenafeelings.com\/index.php?rest_route=\/wp\/v2\/pages\/3269","targetHints":{"allow":["GET"]}}],"collection":[{"href":"https:\/\/lenafeelings.com\/index.php?rest_route=\/wp\/v2\/pages"}],"about":[{"href":"https:\/\/lenafeelings.com\/index.php?rest_route=\/wp\/v2\/types\/page"}],"author":[{"embeddable":true,"href":"https:\/\/lenafeelings.com\/index.php?rest_route=\/wp\/v2\/users\/247840835"}],"replies":[{"embeddable":true,"href":"https:\/\/lenafeelings.com\/index.php?rest_route=%2Fwp%2Fv2%2Fcomments&post=3269"}],"version-history":[{"count":14,"href":"https:\/\/lenafeelings.com\/index.php?rest_route=\/wp\/v2\/pages\/3269\/revisions"}],"predecessor-version":[{"id":6305,"href":"https:\/\/lenafeelings.com\/index.php?rest_route=\/wp\/v2\/pages\/3269\/revisions\/6305"}],"wp:attachment":[{"href":"https:\/\/lenafeelings.com\/index.php?rest_route=%2Fwp%2Fv2%2Fmedia&parent=3269"}],"curies":[{"name":"wp","href":"https:\/\/api.w.org\/{rel}","templated":true}]}}